{"id":5069,"date":"2022-01-04T17:28:25","date_gmt":"2022-01-04T17:28:25","guid":{"rendered":"https:\/\/exxa.design\/terms\/"},"modified":"2022-01-04T17:28:33","modified_gmt":"2022-01-04T17:28:33","slug":"terms","status":"publish","type":"page","link":"https:\/\/exxa.design\/en\/terms\/","title":{"rendered":"Terms"},"content":{"rendered":"<div class=\"fusion-fullwidth fullwidth-box fusion-builder-row-1 fusion-flex-container nonhundred-percent-fullwidth non-hundred-percent-height-scrolling\" style=\"--awb-border-radius-top-left:0px;--awb-border-radius-top-right:0px;--awb-border-radius-bottom-right:0px;--awb-border-radius-bottom-left:0px;--awb-flex-wrap:wrap;\" ><div class=\"fusion-builder-row fusion-row fusion-flex-align-items-flex-start fusion-flex-content-wrap\" style=\"max-width:calc( 1440px + 0px );margin-left: calc(-0px \/ 2 );margin-right: calc(-0px \/ 2 );\"><div class=\"fusion-layout-column fusion_builder_column fusion-builder-column-0 fusion_builder_column_1_1 1_1 fusion-flex-column\" style=\"--awb-bg-size:cover;--awb-width-large:100%;--awb-margin-top-large:0px;--awb-spacing-right-large:0px;--awb-margin-bottom-large:20px;--awb-spacing-left-large:0px;--awb-width-medium:100%;--awb-spacing-right-medium:0px;--awb-spacing-left-medium:0px;--awb-width-small:100%;--awb-spacing-right-small:0px;--awb-spacing-left-small:0px;\"><div class=\"fusion-column-wrapper fusion-flex-justify-content-flex-start fusion-content-layout-column\"><div class=\"fusion-text fusion-text-1\"><h3>Termos de Utiliza\u00e7\u00e3o<\/h3>\n<div id=\"PageContent\">\n<p>Before accessing and using http:\/\/exxa.design (hereinafter the Site), please read the Terms of Use carefully. By accessing and using this Site, the user declares to have read, understood and accepted the Terms of Use described below, without the need for any further act or consent.  The Terms and Conditions may be changed at any time by decision of Dunky design, with changes deemed effective from the date of posting on the site. Subsequent access and use of the Site by the user will be considered as an unequivocal sign that the same has read, accepted and understood the amended Terms of Use. The texts, contents and images published in this Site are property of Exxa Design and cannot be reproduced by any means, electronic or mechanical, stored by any information storage process or modified without prior express authorisation of Exxa Design. The use of any type of information present in this site must be requested to Exxa Design (see contacts below) so that its use may be approved or not. <\/p>\n<\/div>\n<div id=\"PageContent\">\n<p>Exxa Design is not responsible for any inaccuracies in the information or documentation contained in this Site or the content of the pages to which the links or hyperlinks contained therein refer. The Site and all of its content are provided without warranties of any kind, either express or implied, including, but not limited to, warranties of merchantability, fitness for a particular use, or any infringement of rights. We also cannot guarantee that the Site will always function uninterruptedly or error-free.  As refer\u00eancias e liga\u00e7\u00f5es a produtos ou servi\u00e7os de empresas independentes podem aparecer no Site. Estas refer\u00eancias e liga\u00e7\u00f5es s\u00e3o fornecidas sem garantias de qualquer tipo, quer expressas ou impl\u00edcitas. <\/p>\n<p><strong>Contacts<\/strong><\/p>\n<p>If you have any questions or comments, you can contact us in the following ways:<\/p>\n<div class=\"wpb_text_column wpb_content_element \">\n<div class=\"wpb_wrapper\">\n<p>Phone (+ 351) 928 090 454<\/p>\n<\/div>\n<\/div>\n<div class=\"wpb_text_column wpb_content_element \">\n<div class=\"wpb_wrapper\">\n<p><span class=\"color-title\">Email: hello[at]exxa.design<\/span><\/p>\n<\/div>\n<\/div>\n<\/div>\n<div id=\"PageContent\">\n<p><strong>Date of last amendment<br \/>\n<\/strong><\/p>\n<p>2021.06.27<\/p>\n<\/div>\n<\/div><\/div><\/div><\/div><\/div>\n","protected":false},"excerpt":{"rendered":"","protected":false},"author":1,"featured_media":0,"parent":0,"menu_order":0,"comment_status":"closed","ping_status":"closed","template":"","meta":{"_seopress_robots_primary_cat":"","_seopress_titles_title":"","_seopress_titles_desc":"","_seopress_robots_index":"","inline_featured_image":false,"footnotes":""},"class_list":["post-5069","page","type-page","status-publish","hentry"],"_links":{"self":[{"href":"https:\/\/exxa.design\/en\/wp-json\/wp\/v2\/pages\/5069","targetHints":{"allow":["GET"]}}],"collection":[{"href":"https:\/\/exxa.design\/en\/wp-json\/wp\/v2\/pages"}],"about":[{"href":"https:\/\/exxa.design\/en\/wp-json\/wp\/v2\/types\/page"}],"author":[{"embeddable":true,"href":"https:\/\/exxa.design\/en\/wp-json\/wp\/v2\/users\/1"}],"replies":[{"embeddable":true,"href":"https:\/\/exxa.design\/en\/wp-json\/wp\/v2\/comments?post=5069"}],"version-history":[{"count":0,"href":"https:\/\/exxa.design\/en\/wp-json\/wp\/v2\/pages\/5069\/revisions"}],"wp:attachment":[{"href":"https:\/\/exxa.design\/en\/wp-json\/wp\/v2\/media?parent=5069"}],"curies":[{"name":"wp","href":"https:\/\/api.w.org\/{rel}","templated":true}]}}