{"id":5053,"date":"2022-01-04T12:21:39","date_gmt":"2022-01-04T12:21:39","guid":{"rendered":"https:\/\/exxa.design\/privacy-policy\/"},"modified":"2022-01-04T12:21:40","modified_gmt":"2022-01-04T12:21:40","slug":"privacy-policy","status":"publish","type":"page","link":"https:\/\/exxa.design\/en\/privacy-policy\/","title":{"rendered":"Privacy Policy"},"content":{"rendered":"<div class=\"fusion-fullwidth fullwidth-box fusion-builder-row-1 fusion-flex-container nonhundred-percent-fullwidth non-hundred-percent-height-scrolling\" style=\"--awb-border-radius-top-left:0px;--awb-border-radius-top-right:0px;--awb-border-radius-bottom-right:0px;--awb-border-radius-bottom-left:0px;--awb-flex-wrap:wrap;\" ><div class=\"fusion-builder-row fusion-row fusion-flex-align-items-flex-start fusion-flex-content-wrap\" style=\"max-width:calc( 1440px + 0px );margin-left: calc(-0px \/ 2 );margin-right: calc(-0px \/ 2 );\"><div class=\"fusion-layout-column fusion_builder_column fusion-builder-column-0 fusion_builder_column_1_1 1_1 fusion-flex-column\" style=\"--awb-bg-size:cover;--awb-width-large:100%;--awb-margin-top-large:0px;--awb-spacing-right-large:0px;--awb-margin-bottom-large:0px;--awb-spacing-left-large:0px;--awb-width-medium:100%;--awb-spacing-right-medium:0px;--awb-spacing-left-medium:0px;--awb-width-small:100%;--awb-spacing-right-small:0px;--awb-spacing-left-small:0px;\"><div class=\"fusion-column-wrapper fusion-flex-justify-content-flex-start fusion-content-layout-column\"><div class=\"fusion-text fusion-text-1\"><h4>Who are we?<\/h4>\n<p>Exxa Design is a creative agency.<\/p>\n<h4>What personal data is collected and how it is collected<\/h4>\n<p>In order to be able to share promotions that we promote on https:\/\/exxa.design, we request name and e-mail address through a contact form that the user fills in if he shows interest in receiving said promotions. We ask for the same information if you have any questions that you would like answered using the contact form.<\/p>\n<h4>Comments<\/h4>\n<p>Comments are not allowed on https:\/\/exxa.design.<\/p>\n<h4>Multimedia<\/h4>\n<p>When uploading images to the site, you should avoid uploading images with embedded geolocation data (EXIF GPS). Visitors can download and extract the geolocation data from the images on the website. <\/p>\n<h4>Cookies<\/h4>\n<p>Para navega\u00e7\u00e3o, n\u00e3o \u00e9 necess\u00e1rio iniciar sess\u00e3o em https:\/\/exxa.design e, como tal , n\u00e3o \u00e9 solicitado nenhum tipo de informa\u00e7\u00e3o pessoal. A fim de recolher informa\u00e7\u00e3o estat\u00edstica sobre a sua utiliza\u00e7\u00e3o e avaliar as prefer\u00eancias de navega\u00e7\u00e3o dos visitantes, este S\u00edtio utiliza cookies, que s\u00e3o ficheiros ou ficheiros gerados no pr\u00f3prio computador do visitante.<\/p>\n<p> The files do not contain any personal data, nor do they allow the user to be identified. Their sole purpose is to personalise navigation according to the preferences assessed. The user can prevent the generation of cookies and their installation on the computer disk by using the tools provided by their browser.<\/p>\n<h4>Embedded content from other websites<\/h4>\n<p>Articles on this site may include embedded content (e.g. videos, images, articles, etc.). Embedded content from other websites behaves as if you visit those websites. This site may collect data about you, use cookies, embed tracking done by third parties, monitor your interactions with it, including logging your interactions with embedded content if you have an account and are logged into that site. <\/p>\n<h3>Analytical data<\/h3>\n<h4>Who your data is shared with<\/h4>\n<p>We place a high value on privacy. The data you eventually share on https:\/\/exxa.design is not shared in any form or by any means. <\/p>\n<h4>How long is your data retained<\/h4>\n<p>The data is stored until you request its removal or until the time limit for the reason for which the data was requested expires.<\/p>\n<h4>What rights you have over your data<\/h4>\n<p>What rights you have over your If you have filled in a form, you can ask to receive an export file of the personal data held about you, including any personal data you have indicated. You can also request that the saved data be deleted. This does not include any personal data that is required to be kept for administrative, legal or security purposes.  <\/p>\n<h4>Where your data is sent<\/h4>\n<p>Visitor data can be checked by an automatic spam detection service.<\/p>\n<h4>Additional information<\/h4>\n<h5>How your data is protected<\/h5>\n<p>https:\/\/exxa.design uses encryption and database access protection<\/p>\n<h5>Data Protection Officer<\/h5>\n<p>Daniel Santos \u2013 hello@exxa.design<\/p>\n<\/div><\/div><\/div><\/div><\/div>\n","protected":false},"excerpt":{"rendered":"","protected":false},"author":1,"featured_media":0,"parent":0,"menu_order":0,"comment_status":"closed","ping_status":"closed","template":"","meta":{"_seopress_robots_primary_cat":"","_seopress_titles_title":"","_seopress_titles_desc":"","_seopress_robots_index":"","inline_featured_image":false,"footnotes":""},"class_list":["post-5053","page","type-page","status-publish","hentry"],"_links":{"self":[{"href":"https:\/\/exxa.design\/en\/wp-json\/wp\/v2\/pages\/5053","targetHints":{"allow":["GET"]}}],"collection":[{"href":"https:\/\/exxa.design\/en\/wp-json\/wp\/v2\/pages"}],"about":[{"href":"https:\/\/exxa.design\/en\/wp-json\/wp\/v2\/types\/page"}],"author":[{"embeddable":true,"href":"https:\/\/exxa.design\/en\/wp-json\/wp\/v2\/users\/1"}],"replies":[{"embeddable":true,"href":"https:\/\/exxa.design\/en\/wp-json\/wp\/v2\/comments?post=5053"}],"version-history":[{"count":0,"href":"https:\/\/exxa.design\/en\/wp-json\/wp\/v2\/pages\/5053\/revisions"}],"wp:attachment":[{"href":"https:\/\/exxa.design\/en\/wp-json\/wp\/v2\/media?parent=5053"}],"curies":[{"name":"wp","href":"https:\/\/api.w.org\/{rel}","templated":true}]}}